{"id":6,"date":"2025-02-12T13:55:02","date_gmt":"2025-02-12T12:55:02","guid":{"rendered":"https:\/\/cafegarden.pl\/?page_id=6"},"modified":"2025-10-23T19:25:41","modified_gmt":"2025-10-23T17:25:41","slug":"tworz-swoja-witryne-za-pomoca-blokow","status":"publish","type":"page","link":"https:\/\/cafegarden.pl\/","title":{"rendered":""},"content":{"rendered":"\n<div class=\"wp-block-columns alignwide are-vertically-aligned-center is-style-twentytwentyone-columns-overlap is-layout-flex wp-container-core-columns-is-layout-28f84493 wp-block-columns-is-layout-flex\">\n<div class=\"wp-block-column is-vertically-aligned-center is-layout-flow wp-block-column-is-layout-flow\">\n<div class=\"wp-block-stackable-columns aligncenter stk-block-columns stk-block stk-65a5908 stk-block-background\" data-block-id=\"65a5908\"><style>.stk-65a5908 {background-color:#2f4b2c !important;margin-bottom:100px !important;}.stk-65a5908:before{background-color:#2f4b2c !important;}<\/style><div class=\"stk-row stk-inner-blocks has-text-align-center stk-block-content stk-content-align stk-65a5908-column\">\n<div class=\"wp-block-stackable-column stk-block-column stk-column stk-block stk-62d1df5\" data-v=\"4\" data-block-id=\"62d1df5\"><div class=\"stk-column-wrapper stk-block-column__content stk-container stk-62d1df5-container stk--no-background stk--no-padding\"><div class=\"stk-block-content stk-inner-blocks stk-62d1df5-inner-blocks\">\n<div class=\"wp-block-stackable-columns alignfull stk-block-columns stk-block stk-835f7e7\" data-block-id=\"835f7e7\"><div class=\"stk-row stk-inner-blocks stk-block-content stk-content-align stk-835f7e7-column alignfull\">\n<div class=\"wp-block-stackable-column stk-block-column stk-column stk-block stk-051831b\" data-v=\"4\" data-block-id=\"051831b\"><div class=\"stk-column-wrapper stk-block-column__content stk-container stk-051831b-container stk--no-background stk--no-padding\"><div class=\"has-text-align-center stk-block-content stk-inner-blocks stk-051831b-inner-blocks\">\n<div class=\"wp-block-stackable-columns stk-block-columns stk-block stk-7a202f6\" data-block-id=\"7a202f6\"><div class=\"stk-row stk-inner-blocks stk-block-content stk-content-align stk-7a202f6-column\">\n<div class=\"wp-block-stackable-column stk-block-column stk-column stk-block stk-379204e\" data-v=\"4\" data-block-id=\"379204e\"><style>.stk-379204e-inner-blocks{align-items:center !important;justify-content:center !important;}<\/style><div class=\"stk-column-wrapper stk-block-column__content stk-container stk-379204e-container stk--no-background stk--no-padding\"><div class=\"has-text-align-center stk--column-flex stk-block-content stk-inner-blocks stk-379204e-inner-blocks\">\n<figure class=\"wp-block-image aligncenter size-full is-resized\"><img decoding=\"async\" src=\"https:\/\/cafegarden.pl\/wp-content\/uploads\/2025\/02\/logo-cafe-garden-white.svg\" alt=\"logo cafe garden\" class=\"wp-image-68\" style=\"width:350px\"\/><\/figure>\n\n\n\n<div class=\"wp-block-stackable-spacer stk-block-spacer stk--no-padding stk-block stk-a8f8279\" data-block-id=\"a8f8279\"><\/div>\n\n\n\n<div class=\"wp-block-stackable-heading aligncenter stk-block-heading stk-block-heading--v2 stk-block stk-7dbff15\" id=\"swieze-kwiaty-piekne-dekoracje-br-niepowtarzalne-wspomnienia\" data-block-id=\"7dbff15\"><style>.stk-7dbff15 .stk-block-heading__text{color:var(--theme-palette-color-8, #ffffff) !important;}<\/style><h3 class=\"stk-block-heading__text has-text-color has-text-align-center\">\u015awie\u017ce kwiaty, pi\u0119kne dekoracje,<br>niepowtarzalne wspomnienia.<\/h3><\/div>\n\n\n\n<p><\/p>\n<\/div><\/div><\/div>\n\n\n\n<div class=\"wp-block-stackable-column stk-block-column stk-column stk-block stk-ad4ef9c\" data-v=\"4\" data-block-id=\"ad4ef9c\"><div class=\"stk-column-wrapper stk-block-column__content stk-container stk-ad4ef9c-container stk--no-background stk--no-padding\"><div class=\"stk-block-content stk-inner-blocks stk-ad4ef9c-inner-blocks\">\n<figure class=\"wp-block-image size-full\"><img loading=\"lazy\" decoding=\"async\" width=\"600\" height=\"800\" src=\"https:\/\/cafegarden.pl\/wp-content\/uploads\/2025\/02\/cafe-garden-1.png\" alt=\"\" class=\"wp-image-30\" srcset=\"https:\/\/cafegarden.pl\/wp-content\/uploads\/2025\/02\/cafe-garden-1.png 600w, https:\/\/cafegarden.pl\/wp-content\/uploads\/2025\/02\/cafe-garden-1-225x300.png 225w\" sizes=\"auto, (max-width: 600px) 100vw, 600px\" \/><\/figure>\n<\/div><\/div><\/div>\n<\/div><\/div>\n<\/div><\/div><\/div>\n<\/div><\/div>\n<\/div><\/div><\/div>\n<\/div><\/div>\n\n\n\n<p><\/p>\n\n\n\n<div class=\"wp-block-stackable-columns stk-block-columns stk-block stk-54b466e\" data-block-id=\"54b466e\"><div class=\"stk-row stk-inner-blocks stk-block-content stk-content-align stk-54b466e-column\">\n<div class=\"wp-block-stackable-column stk-block-column stk-column stk-block stk-1923784\" data-v=\"4\" data-block-id=\"1923784\"><div class=\"stk-column-wrapper stk-block-column__content stk-container stk-1923784-container stk--no-background stk--no-padding\"><div class=\"stk-block-content stk-inner-blocks stk-1923784-inner-blocks\">\n<figure class=\"wp-block-image size-full\"><img loading=\"lazy\" decoding=\"async\" width=\"600\" height=\"800\" src=\"https:\/\/cafegarden.pl\/wp-content\/uploads\/2025\/02\/cafe-garden-1b.png.jpg\" alt=\"\" class=\"wp-image-96\" srcset=\"https:\/\/cafegarden.pl\/wp-content\/uploads\/2025\/02\/cafe-garden-1b.png.jpg 600w, https:\/\/cafegarden.pl\/wp-content\/uploads\/2025\/02\/cafe-garden-1b.png-225x300.jpg 225w\" sizes=\"auto, (max-width: 600px) 100vw, 600px\" \/><\/figure>\n<\/div><\/div><\/div>\n\n\n\n<div class=\"wp-block-stackable-column stk-block-column stk-column stk-block stk-d5fe163\" data-v=\"4\" data-block-id=\"d5fe163\"><div class=\"stk-column-wrapper stk-block-column__content stk-container stk-d5fe163-container stk--no-background stk--no-padding\"><div class=\"stk-block-content stk-inner-blocks stk-d5fe163-inner-blocks\">\n<figure class=\"wp-block-image size-full\"><img loading=\"lazy\" decoding=\"async\" width=\"600\" height=\"800\" src=\"https:\/\/cafegarden.pl\/wp-content\/uploads\/2025\/02\/cafe-garden-2.png\" alt=\"\" class=\"wp-image-28\" srcset=\"https:\/\/cafegarden.pl\/wp-content\/uploads\/2025\/02\/cafe-garden-2.png 600w, https:\/\/cafegarden.pl\/wp-content\/uploads\/2025\/02\/cafe-garden-2-225x300.png 225w\" sizes=\"auto, (max-width: 600px) 100vw, 600px\" \/><\/figure>\n<\/div><\/div><\/div>\n\n\n\n<div class=\"wp-block-stackable-column stk-block-column stk-column stk-block stk-b791db4\" data-v=\"4\" data-block-id=\"b791db4\"><div class=\"stk-column-wrapper stk-block-column__content stk-container stk-b791db4-container stk--no-background stk--no-padding\"><div class=\"stk-block-content stk-inner-blocks stk-b791db4-inner-blocks\">\n<figure class=\"wp-block-image size-full\"><img loading=\"lazy\" decoding=\"async\" width=\"600\" height=\"800\" src=\"https:\/\/cafegarden.pl\/wp-content\/uploads\/2025\/02\/cafe-garden-11a.png.jpg\" alt=\"\" class=\"wp-image-94\" srcset=\"https:\/\/cafegarden.pl\/wp-content\/uploads\/2025\/02\/cafe-garden-11a.png.jpg 600w, https:\/\/cafegarden.pl\/wp-content\/uploads\/2025\/02\/cafe-garden-11a.png-225x300.jpg 225w\" sizes=\"auto, (max-width: 600px) 100vw, 600px\" \/><\/figure>\n<\/div><\/div><\/div>\n<\/div><\/div>\n\n\n\n<div class=\"wp-block-stackable-columns stk-block-columns stk-block stk-693b13e\" data-block-id=\"693b13e\"><div class=\"stk-row stk-inner-blocks stk-block-content stk-content-align stk-693b13e-column\">\n<div class=\"wp-block-stackable-column stk-block-column stk-column stk-block stk-13b4b7d\" data-v=\"4\" data-block-id=\"13b4b7d\"><div class=\"stk-column-wrapper stk-block-column__content stk-container stk-13b4b7d-container stk--no-background stk--no-padding\"><div class=\"stk-block-content stk-inner-blocks stk-13b4b7d-inner-blocks\">\n<figure class=\"wp-block-image size-full\"><img loading=\"lazy\" decoding=\"async\" width=\"600\" height=\"800\" src=\"https:\/\/cafegarden.pl\/wp-content\/uploads\/2025\/02\/cafe-garden-1a.png.jpg\" alt=\"\" class=\"wp-image-95\" srcset=\"https:\/\/cafegarden.pl\/wp-content\/uploads\/2025\/02\/cafe-garden-1a.png.jpg 600w, https:\/\/cafegarden.pl\/wp-content\/uploads\/2025\/02\/cafe-garden-1a.png-225x300.jpg 225w\" sizes=\"auto, (max-width: 600px) 100vw, 600px\" \/><\/figure>\n<\/div><\/div><\/div>\n\n\n\n<div class=\"wp-block-stackable-column stk-block-column stk-column stk-block stk-c1d81a1\" data-v=\"4\" data-block-id=\"c1d81a1\"><div class=\"stk-column-wrapper stk-block-column__content stk-container stk-c1d81a1-container stk--no-background stk--no-padding\"><div class=\"stk-block-content stk-inner-blocks stk-c1d81a1-inner-blocks\">\n<figure class=\"wp-block-image size-full\"><img loading=\"lazy\" decoding=\"async\" width=\"600\" height=\"800\" src=\"https:\/\/cafegarden.pl\/wp-content\/uploads\/2025\/02\/cafe-garden-14.png\" alt=\"\" class=\"wp-image-36\" srcset=\"https:\/\/cafegarden.pl\/wp-content\/uploads\/2025\/02\/cafe-garden-14.png 600w, https:\/\/cafegarden.pl\/wp-content\/uploads\/2025\/02\/cafe-garden-14-225x300.png 225w\" sizes=\"auto, (max-width: 600px) 100vw, 600px\" \/><\/figure>\n<\/div><\/div><\/div>\n\n\n\n<div class=\"wp-block-stackable-column stk-block-column stk-column stk-block stk-00c56df\" data-v=\"4\" data-block-id=\"00c56df\"><div class=\"stk-column-wrapper stk-block-column__content stk-container stk-00c56df-container stk--no-background stk--no-padding\"><div class=\"stk-block-content stk-inner-blocks stk-00c56df-inner-blocks\">\n<figure class=\"wp-block-image size-full\"><img loading=\"lazy\" decoding=\"async\" width=\"600\" height=\"800\" src=\"https:\/\/cafegarden.pl\/wp-content\/uploads\/2025\/02\/cafe-garden-9.png\" alt=\"\" class=\"wp-image-37\" srcset=\"https:\/\/cafegarden.pl\/wp-content\/uploads\/2025\/02\/cafe-garden-9.png 600w, https:\/\/cafegarden.pl\/wp-content\/uploads\/2025\/02\/cafe-garden-9-225x300.png 225w\" sizes=\"auto, (max-width: 600px) 100vw, 600px\" \/><\/figure>\n<\/div><\/div><\/div>\n<\/div><\/div>\n\n\n\n<div class=\"wp-block-stackable-columns stk-block-columns stk-block stk-8968f8e\" data-block-id=\"8968f8e\"><div class=\"stk-row stk-inner-blocks stk-block-content stk-content-align stk-8968f8e-column\">\n<div class=\"wp-block-stackable-column stk-block-column stk-column stk-block stk-7e4caf2\" data-v=\"4\" data-block-id=\"7e4caf2\"><div class=\"stk-column-wrapper stk-block-column__content stk-container stk-7e4caf2-container stk--no-background stk--no-padding\"><div class=\"stk-block-content stk-inner-blocks stk-7e4caf2-inner-blocks\">\n<figure class=\"wp-block-image size-full\"><img loading=\"lazy\" decoding=\"async\" width=\"600\" height=\"800\" src=\"https:\/\/cafegarden.pl\/wp-content\/uploads\/2025\/02\/cafe-garden-6.png\" alt=\"\" class=\"wp-image-29\" srcset=\"https:\/\/cafegarden.pl\/wp-content\/uploads\/2025\/02\/cafe-garden-6.png 600w, https:\/\/cafegarden.pl\/wp-content\/uploads\/2025\/02\/cafe-garden-6-225x300.png 225w\" sizes=\"auto, (max-width: 600px) 100vw, 600px\" \/><\/figure>\n<\/div><\/div><\/div>\n\n\n\n<div class=\"wp-block-stackable-column stk-block-column stk-column stk-block stk-021ac6e\" data-v=\"4\" data-block-id=\"021ac6e\"><div class=\"stk-column-wrapper stk-block-column__content stk-container stk-021ac6e-container stk--no-background stk--no-padding\"><div class=\"stk-block-content stk-inner-blocks stk-021ac6e-inner-blocks\">\n<figure class=\"wp-block-image size-full\"><img loading=\"lazy\" decoding=\"async\" width=\"600\" height=\"800\" src=\"https:\/\/cafegarden.pl\/wp-content\/uploads\/2025\/02\/cafe-garden-12.png\" alt=\"\" class=\"wp-image-34\" srcset=\"https:\/\/cafegarden.pl\/wp-content\/uploads\/2025\/02\/cafe-garden-12.png 600w, https:\/\/cafegarden.pl\/wp-content\/uploads\/2025\/02\/cafe-garden-12-225x300.png 225w\" sizes=\"auto, (max-width: 600px) 100vw, 600px\" \/><\/figure>\n<\/div><\/div><\/div>\n\n\n\n<div class=\"wp-block-stackable-column stk-block-column stk-column stk-block stk-20d4fe1\" data-v=\"4\" data-block-id=\"20d4fe1\"><div class=\"stk-column-wrapper stk-block-column__content stk-container stk-20d4fe1-container stk--no-background stk--no-padding\"><div class=\"stk-block-content stk-inner-blocks stk-20d4fe1-inner-blocks\">\n<figure class=\"wp-block-image size-full\"><img loading=\"lazy\" decoding=\"async\" width=\"600\" height=\"800\" src=\"https:\/\/cafegarden.pl\/wp-content\/uploads\/2025\/02\/cafe-garden-8.png\" alt=\"\" class=\"wp-image-32\" srcset=\"https:\/\/cafegarden.pl\/wp-content\/uploads\/2025\/02\/cafe-garden-8.png 600w, https:\/\/cafegarden.pl\/wp-content\/uploads\/2025\/02\/cafe-garden-8-225x300.png 225w\" sizes=\"auto, (max-width: 600px) 100vw, 600px\" \/><\/figure>\n<\/div><\/div><\/div>\n<\/div><\/div>\n<\/div>\n<\/div>\n\n\n\n<div style=\"height:50px\" aria-hidden=\"true\" class=\"wp-block-spacer\"><\/div>\n\n\n\n<div class=\"wp-block-stackable-columns alignwide stk-block-columns stk-block stk-42e65d0\" id=\"oferta\" data-block-id=\"42e65d0\"><div class=\"stk-row stk-inner-blocks stk-block-content stk-content-align stk-42e65d0-column alignwide\">\n<div class=\"wp-block-stackable-column stk-block-column stk-column stk-block stk-c42b4d1\" data-v=\"4\" data-block-id=\"c42b4d1\"><div class=\"stk-column-wrapper stk-block-column__content stk-container stk-c42b4d1-container stk--no-background stk--no-padding\"><div class=\"stk-block-content stk-inner-blocks stk-c42b4d1-inner-blocks\">\n<h3 class=\"wp-block-heading has-text-color has-link-color wp-elements-9057eecb22fdd6013799731e19ee3d84\" style=\"color:#5f9333\">\u015awie\u017ce kwiaty<\/h3>\n\n\n\n<p>W <strong>Caf\u00e9 Garden<\/strong> oferujemy starannie wyselekcjonowane, \u015bwie\u017ce kwiaty, kt\u00f3re wnosz\u0105 pi\u0119kno i \u015bwie\u017co\u015b\u0107 do ka\u017cdego wn\u0119trza. Nasze bukiety komponujemy z pasj\u0105, dbaj\u0105c o ka\u017cdy detal, aby sprosta\u0107 oczekiwaniom nawet najbardziej wymagaj\u0105cych klient\u00f3w. Niezale\u017cnie od okazji, nasze kwiaty s\u0105 doskona\u0142ym wyborem, by wyrazi\u0107 uczucia     i sprawi\u0107 rado\u015b\u0107 bliskim.<\/p>\n<\/div><\/div><\/div>\n\n\n\n<div class=\"wp-block-stackable-column stk-block-column stk-column stk-block stk-dea5908\" data-v=\"4\" data-block-id=\"dea5908\"><div class=\"stk-column-wrapper stk-block-column__content stk-container stk-dea5908-container stk--no-background stk--no-padding\"><div class=\"stk-block-content stk-inner-blocks stk-dea5908-inner-blocks\">\n<h3 class=\"wp-block-heading has-text-color has-link-color wp-elements-932d35e66b59609efac180defa5d564f\" style=\"color:#5f9333\">Dekoracja Imprez<\/h3>\n\n\n\n<p>Specjalizujemy si\u0119 w tworzeniu niepowtarzalnych dekoracji kwiatowych na r\u00f3\u017cnorodne imprezy i wydarzenia. Od kameralnych spotka\u0144 po du\u017ce uroczysto\u015bci \u2013 nasze aran\u017cacje dodadz\u0105 elegancji i wyj\u0105tkowego charakteru ka\u017cdemu eventowi. Dostosowujemy kompozycje do tematyki i stylu imprezy, tworz\u0105c sp\u00f3jn\u0105 i zachwycaj\u0105c\u0105 opraw\u0119 florystyczn\u0105.<\/p>\n<\/div><\/div><\/div>\n\n\n\n<div class=\"wp-block-stackable-column stk-block-column stk-column stk-block stk-05515ca\" data-v=\"4\" data-block-id=\"05515ca\"><div class=\"stk-column-wrapper stk-block-column__content stk-container stk-05515ca-container stk--no-background stk--no-padding\"><div class=\"stk-block-content stk-inner-blocks stk-05515ca-inner-blocks\">\n<h3 class=\"wp-block-heading has-text-color has-link-color wp-elements-e2e23b73037d15ff92aed52603808888\" style=\"color:#5f9333\">Dekoracja \u015alub\u00f3w<\/h3>\n\n\n\n<p>\u015alub to wyj\u0105tkowy dzie\u0144, kt\u00f3ry zas\u0142uguje na najpi\u0119kniejsz\u0105 opraw\u0119. Oferujemy kompleksowe us\u0142ugi dekoracji \u015blubnych, obejmuj\u0105ce bukiety dla Panny M\u0142odej, butonierki, dekoracje ko\u015bcio\u0142a oraz sali weselnej. Ka\u017cd\u0105 aran\u017cacj\u0119 tworzymy z my\u015bl\u0105 o indywidualnych preferencjach M\u0142odej Pary, dbaj\u0105c o to, by kwiaty podkre\u015bla\u0142y magi\u0119 tego niezapomnianego dnia.<\/p>\n<\/div><\/div><\/div>\n<\/div><\/div>\n\n\n\n<div style=\"height:100px\" aria-hidden=\"true\" class=\"wp-block-spacer\"><\/div>\n\n\n\n<div class=\"wp-block-stackable-columns stk-block-columns stk-block stk-a0b7a01\" data-block-id=\"a0b7a01\"><style>.stk-a0b7a01 {margin-bottom:100px !important;}<\/style><div class=\"stk-row stk-inner-blocks stk-block-content stk-content-align stk-a0b7a01-column\">\n<div class=\"wp-block-stackable-column stk-block-column stk-column stk-block stk-7c311cc\" data-v=\"4\" data-block-id=\"7c311cc\"><div class=\"stk-column-wrapper stk-block-column__content stk-container stk-7c311cc-container stk--no-background stk--no-padding\"><div class=\"stk-block-content stk-inner-blocks stk-7c311cc-inner-blocks\">\n<div class=\"wp-block-stackable-heading stk-block-heading stk-block-heading--v2 stk-block stk-f53f366\" id=\"span-style-color-5-f-9333-class-stk-highlight-jestesmy-dumni-z-naszej-pasji-i-zdolnosci-do-tworzenia-niepowtarzalnych-dekoracji-br-bez-wzgledu-na-okazje-staramy-sie-uczynic-ja-wyjatkowa-span\" data-block-id=\"f53f366\"><style>.stk-f53f366 .stk-block-heading__text{color:#5f9333 !important;}<\/style><h4 class=\"stk-block-heading__text has-text-color has-text-align-center\"><span style=\"color: #5f9333;\" class=\"stk-highlight\">Jeste\u015bmy dumni z naszej pasji i zdolno\u015bci do tworzenia niepowtarzalnych dekoracji.<br>Bez wzgl\u0119du na okazj\u0119, staramy si\u0119 uczyni\u0107 j\u0105 wyj\u0105tkow\u0105.<\/span><\/h4><\/div>\n\n\n\n<div class=\"wp-block-stackable-heading stk-block-heading stk-block-heading--v2 stk-block stk-f061142\" id=\"span-style-color-2-f-4-b-2-c-class-stk-highlight-skontaktuj-sie-z-nami-aby-dowiedziec-sie-wiecej-o-naszej-ofercie-br-i-zaplanowac-swoje-niezapomniane-chwile-z-naszymi-dekoracjami-span\" data-block-id=\"f061142\"><style>.stk-f061142 .stk-block-heading__text{font-weight:500 !important;}<\/style><h5 class=\"stk-block-heading__text has-text-align-center\"><span style=\"color: #2f4b2c;\" class=\"stk-highlight\">Skontaktuj si\u0119 z nami, aby dowiedzie\u0107 si\u0119 wi\u0119cej o naszej ofercie<br>i zaplanowa\u0107 swoje niezapomniane chwile z naszymi dekoracjami. <\/span><\/h5><\/div>\n\n\n\n<div class=\"wp-block-stackable-columns stk-block-columns stk-block stk-09fbe37\" data-block-id=\"09fbe37\"><div class=\"stk-row stk-inner-blocks stk-block-content stk-content-align stk-09fbe37-column\">\n<div class=\"wp-block-stackable-column stk-block-column stk-column stk-block stk-5e90e76\" data-v=\"4\" data-block-id=\"5e90e76\"><div class=\"stk-column-wrapper stk-block-column__content stk-container stk-5e90e76-container stk--no-background stk--no-padding\"><div class=\"stk-block-content stk-inner-blocks stk-5e90e76-inner-blocks\"><\/div><\/div><\/div>\n\n\n\n<div class=\"wp-block-stackable-column stk-block-column stk-column stk-block stk-cb313f6\" data-v=\"4\" data-block-id=\"cb313f6\"><style>.stk-cb313f6 {align-self:center !important;}.stk-cb313f6-inner-blocks{align-items:center !important;}<\/style><div class=\"stk-column-wrapper stk-block-column__content stk-container stk-cb313f6-container stk--no-background stk--no-padding\"><div class=\"has-text-align-center stk--column-flex stk-block-content stk-inner-blocks stk-cb313f6-inner-blocks\">\n<a class=\"button-call\" href=\"tel:501873746\">+48 501 873 746<\/a>\n<\/div><\/div><\/div>\n\n\n\n<div class=\"wp-block-stackable-column stk-block-column stk-column stk-block stk-7ac4aad\" data-v=\"4\" data-block-id=\"7ac4aad\"><div class=\"stk-column-wrapper stk-block-column__content stk-container stk-7ac4aad-container stk--no-background stk--no-padding\"><div class=\"stk-block-content stk-inner-blocks stk-7ac4aad-inner-blocks\"><\/div><\/div><\/div>\n<\/div><\/div>\n\n\n\n<div class=\"wp-block-stackable-spacer stk-block-spacer stk--no-padding stk-block stk-270bc3f\" data-block-id=\"270bc3f\"><style>.stk-270bc3f {height:6px !important;}<\/style><\/div>\n<\/div><\/div><\/div>\n<\/div><\/div>\n\n\n\n<div class=\"wp-block-stackable-columns stk-block-columns stk-block stk-1b3be3c\" data-block-id=\"1b3be3c\"><style>.stk-1b3be3c {margin-bottom:100px !important;}<\/style><div class=\"stk-row stk-inner-blocks stk-block-content stk-content-align stk-1b3be3c-column\">\n<div class=\"wp-block-stackable-column stk-block-column stk-column stk-block stk-c3dc093\" data-v=\"4\" data-block-id=\"c3dc093\"><style>.stk-c3dc093 {align-self:center !important;}.stk-c3dc093-inner-blocks{align-items:center !important;}<\/style><div class=\"stk-column-wrapper stk-block-column__content stk-container stk-c3dc093-container stk--no-background stk--no-padding\"><div class=\"has-text-align-center stk--column-flex stk-block-content stk-inner-blocks stk-c3dc093-inner-blocks\">\n<div class=\"wp-block-stackable-columns stk-block-columns stk-block stk-846a494\" data-block-id=\"846a494\"><div class=\"stk-row stk-inner-blocks stk-block-content stk-content-align stk-846a494-column\">\n<div class=\"wp-block-stackable-column stk-block-column stk-column stk-block stk-e311a54\" data-v=\"4\" data-block-id=\"e311a54\"><div class=\"stk-column-wrapper stk-block-column__content stk-container stk-e311a54-container stk--no-background stk--no-padding\"><div class=\"stk-block-content stk-inner-blocks stk-e311a54-inner-blocks\">\n<figure class=\"wp-block-image alignfull size-large\"><img loading=\"lazy\" decoding=\"async\" width=\"1024\" height=\"512\" src=\"https:\/\/cafegarden.pl\/wp-content\/uploads\/2025\/02\/kwiatomat-1024x512.png\" alt=\"\" class=\"wp-image-45\" srcset=\"https:\/\/cafegarden.pl\/wp-content\/uploads\/2025\/02\/kwiatomat-1024x512.png 1024w, https:\/\/cafegarden.pl\/wp-content\/uploads\/2025\/02\/kwiatomat-300x150.png 300w, https:\/\/cafegarden.pl\/wp-content\/uploads\/2025\/02\/kwiatomat-768x384.png 768w, https:\/\/cafegarden.pl\/wp-content\/uploads\/2025\/02\/kwiatomat-1536x768.png 1536w, https:\/\/cafegarden.pl\/wp-content\/uploads\/2025\/02\/kwiatomat.png 1600w\" sizes=\"auto, (max-width: 1024px) 100vw, 1024px\" \/><\/figure>\n<\/div><\/div><\/div>\n<\/div><\/div>\n<\/div><\/div><\/div>\n<\/div><\/div>\n\n\n\n<div class=\"wp-block-stackable-columns stk-block-columns stk-block stk-b5a2ce5\" id=\"kontakt\" data-block-id=\"b5a2ce5\"><div class=\"stk-row stk-inner-blocks stk-block-content stk-content-align stk-b5a2ce5-column\">\n<div class=\"wp-block-stackable-column stk-block-column stk-column stk-block stk-35e482a\" data-v=\"4\" data-block-id=\"35e482a\"><div class=\"stk-column-wrapper stk-block-column__content stk-container stk-35e482a-container stk--no-background stk--no-padding\"><div class=\"stk-block-content stk-inner-blocks stk-35e482a-inner-blocks\">\n<div class=\"wp-block-stackable-heading stk-block-heading stk-block-heading--v2 stk-block stk-b4a20b9\" id=\"kontakt\" data-block-id=\"b4a20b9\"><h2 class=\"stk-block-heading__text\">Kontakt<\/h2><\/div>\n\n\n\n<p><strong>Adres Kwiaciarni:<\/strong><br>Intermarch\u00e9, Marii Konopnickiej 30a, 32-200 Miech\u00f3w<\/p>\n\n\n\n<p><strong>Telefon:<\/strong><br><a href=\"tel:501873746\">+48 501 873 746<\/a><\/p>\n<\/div><\/div><\/div>\n\n\n\n<div class=\"wp-block-stackable-column stk-block-column stk-column stk-block stk-199bdaf\" data-v=\"4\" data-block-id=\"199bdaf\"><div class=\"stk-column-wrapper stk-block-column__content stk-container stk-199bdaf-container stk--no-background stk--no-padding\"><div class=\"stk-block-content stk-inner-blocks stk-199bdaf-inner-blocks\">\n<div class=\"wp-block-stackable-heading stk-block-heading stk-block-heading--v2 stk-block stk-e782810\" id=\"godziny-otwarcia\" data-block-id=\"e782810\"><h2 class=\"stk-block-heading__text\">Godziny otwarcia<\/h2><\/div>\n\n\n\n<p>Poniedzia\u0142ek &#8211; Sobota&nbsp;<strong>9:00 &#8211; 19:00<\/strong><br>Niedziele handlowe&nbsp;<strong>10:00 &#8211; 19:00<\/strong><\/p>\n\n\n\n<p><strong>Kwiatomat:<\/strong><br>Odbierz swoje kwiaty o dowolnej porze dzi\u0119ki naszemu Kwiatomatowi 24\/7!<\/p>\n<\/div><\/div><\/div>\n<\/div><\/div>\n\n\n\n<p><\/p>\n","protected":false},"excerpt":{"rendered":"<p>\u015awie\u017ce kwiaty, pi\u0119kne dekoracje,niepowtarzalne wspomnienia. \u015awie\u017ce kwiaty W Caf\u00e9 Garden oferujemy starannie wyselekcjonowane, \u015bwie\u017ce kwiaty, kt\u00f3re wnosz\u0105 pi\u0119kno i \u015bwie\u017co\u015b\u0107 do ka\u017cdego wn\u0119trza. Nasze bukiety komponujemy z pasj\u0105, dbaj\u0105c o ka\u017cdy detal, aby sprosta\u0107 oczekiwaniom nawet najbardziej wymagaj\u0105cych klient\u00f3w. Niezale\u017cnie od okazji, nasze kwiaty s\u0105 doskona\u0142ym wyborem, by wyrazi\u0107 uczucia i sprawi\u0107 rado\u015b\u0107 bliskim. Dekoracja [&hellip;]<\/p>\n","protected":false},"author":1,"featured_media":0,"parent":0,"menu_order":0,"comment_status":"closed","ping_status":"closed","template":"","meta":{"footnotes":""},"class_list":["post-6","page","type-page","status-publish","hentry"],"blocksy_meta":[],"_links":{"self":[{"href":"https:\/\/cafegarden.pl\/index.php?rest_route=\/wp\/v2\/pages\/6","targetHints":{"allow":["GET"]}}],"collection":[{"href":"https:\/\/cafegarden.pl\/index.php?rest_route=\/wp\/v2\/pages"}],"about":[{"href":"https:\/\/cafegarden.pl\/index.php?rest_route=\/wp\/v2\/types\/page"}],"author":[{"embeddable":true,"href":"https:\/\/cafegarden.pl\/index.php?rest_route=\/wp\/v2\/users\/1"}],"replies":[{"embeddable":true,"href":"https:\/\/cafegarden.pl\/index.php?rest_route=%2Fwp%2Fv2%2Fcomments&post=6"}],"version-history":[{"count":29,"href":"https:\/\/cafegarden.pl\/index.php?rest_route=\/wp\/v2\/pages\/6\/revisions"}],"predecessor-version":[{"id":102,"href":"https:\/\/cafegarden.pl\/index.php?rest_route=\/wp\/v2\/pages\/6\/revisions\/102"}],"wp:attachment":[{"href":"https:\/\/cafegarden.pl\/index.php?rest_route=%2Fwp%2Fv2%2Fmedia&parent=6"}],"curies":[{"name":"wp","href":"https:\/\/api.w.org\/{rel}","templated":true}]}}